{"id":1194,"date":"2018-03-06T13:10:50","date_gmt":"2018-03-06T12:10:50","guid":{"rendered":"https:\/\/www.transco-gmbh.de\/?page_id=1194"},"modified":"2022-07-28T10:00:34","modified_gmt":"2022-07-28T08:00:34","slug":"torni-automatici-tm-20","status":"publish","type":"page","link":"https:\/\/www.transco-gmbh.de\/it\/torni-automatici-tm-20.html","title":{"rendered":"IT-Drehautomat TM 20"},"content":{"rendered":"\n<h1>\n\t\ttm 20\n\t<\/h1>\n<h1>\n\t\ttm 20 Tornio automatico bimandrino azionato a camme\n\t<\/h1>\n<h2>\n\t\tA funzionamento parallelo oppure consecutivo con stazione di traslazione o di ribaltamento. A voi la scelta!\n\t<\/h2>\n\t\t\t\t<img loading=\"lazy\" decoding=\"async\" src=\"https:\/\/www.transco-gmbh.de\/wp-content\/uploads\/tm20-audrema-drehautomat-transco-Kopie-3.png\" alt=\"tm20-audrema-drehautomat-transco Kopie\" itemprop=\"image\" height=\"786\" width=\"1049\" title=\"tm20-audrema-drehautomat-transco Kopie\" onerror=\"this.style.display='none'\"  \/>\n\t\t\t\t<img loading=\"lazy\" decoding=\"async\" src=\"https:\/\/www.transco-gmbh.de\/wp-content\/uploads\/Transco-Audrema-torni-automatici-1.png\" alt=\"transco audrema torni automatici 1\" itemprop=\"image\" height=\"61\" width=\"278\" title=\"Transco-Audrema-torni-automatici-1\" onerror=\"this.style.display='none'\"  \/>\n\t\t\t\t<img loading=\"lazy\" decoding=\"async\" src=\"https:\/\/www.transco-gmbh.de\/wp-content\/uploads\/Transco-Audrema-torni-automatici-2.png\" alt=\"transco audrema torni automatici 2\" itemprop=\"image\" height=\"61\" width=\"278\" title=\"Transco-Audrema-torni-automatici-2\" onerror=\"this.style.display='none'\"  \/>\n\t\t\t\t<img loading=\"lazy\" decoding=\"async\" src=\"https:\/\/www.transco-gmbh.de\/wp-content\/uploads\/Transco-Audrema-torni-automatici-3.png\" alt=\"transco audrema torni automatici 3\" itemprop=\"image\" height=\"61\" width=\"278\" title=\"Transco-Audrema-torni-automatici-3\" onerror=\"this.style.display='none'\"  \/>\n<h1>\n\t\ttm 20 &#8211; Tornio automatico bimandrino azionato a camme \n\t<\/h1>\n<h2>\n\t\tIl tornio automatico bimandrino Audrema<sup>\u00ae<\/sup> tm 20 unisce la precisione e ripetibilit\u00e0 del modello monomandrino con la produttivit\u00e0 e versatilit\u00e0 di una macchina a doppio mandrino.\n\t<\/h2>\n\t<p><a href=\"https:\/\/www.transco-gmbh.de\/wp-content\/uploads\/tm_20_italienisch.pdf\">scheda tecnica tm 20<\/a><\/p>\n<p><img loading=\"lazy\" decoding=\"async\" title=\"Bildschirmfoto 2022-07-21 um 11.41.34\" src=\"https:\/\/www.transco-gmbh.de\/wp-content\/uploads\/Bildschirmfoto-2022-07-21-um-11.41.34-213x300.png\" alt=\"\" width=\"213\" height=\"300\" \/><\/p>\n\t<p><strong>Dati tecnici:<\/strong><\/p>\n<ul>\n<li>Tempo di carico\/scarico con pinze:<br \/>\nscarico libero \u2039 1,0 sec<br \/>\nscarico controllato \u2039 1,5 sec<\/li>\n<li>Tempo di carico\/scarico con autocentrante:<br \/>\nscarico controllato \u2039 2 sec<\/li>\n<li>Produzione fino a 35 pezzi al minuto per mandrino<\/li>\n<li>Cartuccia sigillata dei cuscinetti mandrino senza necessit\u00e0 di manutenzione<\/li>\n<li>PLC di controllo per tutte le funzioni macchina<\/li>\n<li>Motori robusti fino a 9 kW di potenza<\/li>\n<li>Velocit\u00e0 di rotazione degli alberi portacamme regolabile per settori<\/li>\n<\/ul>\n\t<ul>\n<li>Camme meccaniche per l&#8217;azionamento die portautensili<br \/>\nSoluzioni di presa a seconda delle esigenze:<br \/>\nPinza con presa in spinta, pinza con presa in trazione, autocentrante, spina ad espansione<\/li>\n<li>Portautensili sostituibili\/intercambiabili<br \/>\nSlitte radiali, slitte a croce radiali-assiali, slitte a croce multiple con scala graduata, slitte per tornitura in passata<\/li>\n<li>Contropunte per lavorazioni di foratura e filettatura<\/li>\n<li>Torretta di tornitura sferica a comando idraulico<\/li>\n<li>Sistema completo per il caricamento di pezzi con la testa, pezzi cilindrici, rondelle, perni, rulli, etc.<\/li>\n<li>Riconoscimento della posizione ed eventuale ribaltamento in fase di caricamento, possibile presa multipla su posizioni diverse<\/li>\n<li>Ulteriori soluzioni di presa su richiesta<\/li>\n<\/ul>\n<p>&nbsp;<\/p>\n\t\t\t\t<img loading=\"lazy\" decoding=\"async\" src=\"https:\/\/www.transco-gmbh.de\/wp-content\/uploads\/transco-audrema-nachdrehautomat-10-Kopie.png\" alt=\"transco-audrema-nachdrehautomat-10 Kopie\" itemprop=\"image\" height=\"334\" width=\"500\" title=\"transco-audrema-nachdrehautomat-10 Kopie\" onerror=\"this.style.display='none'\"  \/>\n\t\t\t\t<img loading=\"lazy\" decoding=\"async\" src=\"https:\/\/www.transco-gmbh.de\/wp-content\/uploads\/transco-audrema-drehautomat-11-Kopie.png\" alt=\"transco-audrema-drehautomat-11 Kopie\" itemprop=\"image\" height=\"334\" width=\"500\" title=\"transco-audrema-drehautomat-11 Kopie\" onerror=\"this.style.display='none'\"  \/>\n\t\t\t\t<img loading=\"lazy\" decoding=\"async\" src=\"https:\/\/www.transco-gmbh.de\/wp-content\/uploads\/transco-audrema-nachdrehautomaten-10-Kopie.png\" alt=\"transco-audrema-nachdrehautomaten-10 Kopie\" itemprop=\"image\" height=\"334\" width=\"500\" title=\"transco-audrema-nachdrehautomaten-10 Kopie\" onerror=\"this.style.display='none'\"  \/>\n\t\t\t\t<img loading=\"lazy\" decoding=\"async\" src=\"https:\/\/www.transco-gmbh.de\/wp-content\/uploads\/audrema-nachdrehautomaten-8-Kopie.png\" alt=\"audrema-nachdrehautomaten-8 Kopie\" itemprop=\"image\" height=\"334\" width=\"500\" title=\"audrema-nachdrehautomaten-8 Kopie\" onerror=\"this.style.display='none'\"  \/>\n<h1>\n\t\tL&#8217;utilizzo di due caricatori separati e funzionanti in parallelo consente un raddoppio teorico della produzione (funzionamento con presa su una singola estremit\u00e0)\n\t<\/h1>\n\t\t\t\t<img loading=\"lazy\" decoding=\"async\" src=\"https:\/\/www.transco-gmbh.de\/wp-content\/uploads\/kurvengesteuerter-doppelspindelnachdrehautomat-1-scaled.jpg\" alt=\"kurvengesteuerter-doppelspindelnachdrehautomat\" itemprop=\"image\" height=\"1412\" width=\"2560\" title=\"kurvengesteuerter-doppelspindelnachdrehautomat\" onerror=\"this.style.display='none'\"  \/>\n\n","protected":false},"excerpt":{"rendered":"<p>tm 20 tm 20 Tornio automatico bimandrino azionato a camme A funzionamento parallelo oppure consecutivo con stazione di traslazione o di ribaltamento. A voi la scelta! tm 20 &#8211; Tornio automatico bimandrino azionato a camme Il tornio automatico bimandrino Audrema\u00ae tm 20 unisce la precisione e ripetibilit\u00e0 del modello monomandrino con la produttivit\u00e0 e versatilit\u00e0&hellip;<\/p>\n","protected":false},"author":3,"featured_media":0,"parent":0,"menu_order":0,"comment_status":"closed","ping_status":"closed","template":"","meta":{"footnotes":""},"class_list":["post-1194","page","type-page","status-publish","hentry"],"aioseo_notices":[],"_links":{"self":[{"href":"https:\/\/www.transco-gmbh.de\/it\/wp-json\/wp\/v2\/pages\/1194","targetHints":{"allow":["GET"]}}],"collection":[{"href":"https:\/\/www.transco-gmbh.de\/it\/wp-json\/wp\/v2\/pages"}],"about":[{"href":"https:\/\/www.transco-gmbh.de\/it\/wp-json\/wp\/v2\/types\/page"}],"author":[{"embeddable":true,"href":"https:\/\/www.transco-gmbh.de\/it\/wp-json\/wp\/v2\/users\/3"}],"replies":[{"embeddable":true,"href":"https:\/\/www.transco-gmbh.de\/it\/wp-json\/wp\/v2\/comments?post=1194"}],"version-history":[{"count":14,"href":"https:\/\/www.transco-gmbh.de\/it\/wp-json\/wp\/v2\/pages\/1194\/revisions"}],"predecessor-version":[{"id":5095,"href":"https:\/\/www.transco-gmbh.de\/it\/wp-json\/wp\/v2\/pages\/1194\/revisions\/5095"}],"wp:attachment":[{"href":"https:\/\/www.transco-gmbh.de\/it\/wp-json\/wp\/v2\/media?parent=1194"}],"curies":[{"name":"wp","href":"https:\/\/api.w.org\/{rel}","templated":true}]}}