{"id":1196,"date":"2018-03-06T13:11:47","date_gmt":"2018-03-06T12:11:47","guid":{"rendered":"https:\/\/www.transco-gmbh.de\/?page_id=1196"},"modified":"2022-07-29T12:00:22","modified_gmt":"2022-07-29T10:00:22","slug":"torni-automatici","status":"publish","type":"page","link":"https:\/\/www.transco-gmbh.de\/it\/torni-automatici.html","title":{"rendered":"IT-Drehautomaten"},"content":{"rendered":"\n<h1>\n\t\tI nostri torni automatici \n\t<\/h1>\n\t\t<h3>tm 10<\/h3>\n\t\t\t<p>Tornio automatico monomandrino azionato a camme<\/p>\n\t\t<a href=\"https:\/\/www.transco-gmbh.de\/it\/torni-automatici-tm-10.html\" target=\"_self\" rel=\"noopener\">Ulteriori informazioni<\/a>\t\n\t\t<h3>tm 20<\/h3>\n\t\t\t<p>Tornio automatico bimandrino azionato a camme<\/p>\n\t\t<a href=\"https:\/\/www.transco-gmbh.de\/it\/torni-automatici-tm-20.html\" target=\"_self\" rel=\"noopener\">Ulteriori informazioni<\/a>\t\n\t\t<h3>tc 10<\/h3>\n\t\t\t<p>Tornio automatico monomandrino a controllo numerico<\/p>\n\t\t<a href=\"https:\/\/www.transco-gmbh.de\/it\/torni-automatici-tc-10.html\" target=\"_self\" rel=\"noopener\">Ulteriori informazioni<\/a>\t\n\t\t<h3>tc 20<\/h3>\n\t\t\t<p>Tornio automatico bimandrino a controllo numerico<\/p>\n\t\t<a href=\"https:\/\/www.transco-gmbh.de\/it\/torni-automatici-tc-20.html\" target=\"_self\" rel=\"noopener\">Ulteriori informazioni<\/a>\t\n<h1>\n\t\tUn mondo di soluzioni\n\t<\/h1>\n<h3>\n\t\tProgettazione &#8211; il nostro know-how al vostro servizio &#8230;\n\t<\/h3>\n\t<p>Gi\u00e0 in fase esplorativa un Cliente deve ricevere risposte fondate ed attendibili<\/p>\n<ul>\n<li>Quale macchinario \u00e8 quello pi\u00f9 idoneo<\/li>\n<li>Quale tempo-ciclo e quale produttivit\u00e0 mi vengono garantiti?<\/li>\n<\/ul>\n<p>Da noi riceverete risposte sicure. Inviateci il disegno dello stampato e del pezzo finito e riceverete un&#8217;offerta dettagliata con tutte le informazioni che vi servono per una decisione basata sui numeri.<\/p>\n\t\t\t\t<img loading=\"lazy\" decoding=\"async\" src=\"https:\/\/www.transco-gmbh.de\/wp-content\/uploads\/\u00a9Hermann-Koepf-Transco-Drehmaschinen-GmbH-DSC01525-1.jpg\" alt=\"\u00a9Hermann-Koepf-Transco-Drehmaschinen-GmbH-DSC01525\" itemprop=\"image\" height=\"1281\" width=\"1920\" title=\"\u00a9Hermann-Koepf-Transco-Drehmaschinen-GmbH-DSC01525\" onerror=\"this.style.display='none'\"  \/>\n\t\t\t\t<img loading=\"lazy\" decoding=\"async\" src=\"https:\/\/www.transco-gmbh.de\/wp-content\/uploads\/\u00a9Hermann-Koepf-Transco-Drehmaschinen-GmbH-DSC02933-683x1024.jpg\" alt=\"\u00a9Hermann-Koepf-Transco-Drehmaschinen-GmbH-DSC02933\" itemprop=\"image\" height=\"1024\" width=\"683\" title=\"\u00a9Hermann-Koepf-Transco-Drehmaschinen-GmbH-DSC02933\" onerror=\"this.style.display='none'\"  \/>\n<h1>\n\t\tAttrezzature \n\t<\/h1>\n<h3>\n\t\tFlessibilit\u00e0 e variabilit\u00e0  &#8230; \n\t<\/h3>\n\t<p>Con l&#8217;acquisto di un tornio automatico Audrema<sup>\u00ae<\/sup>, il Cliente riceve un macchinario personalizzato alle proprie esigenze. L&#8217;architettura progettuale dei nostri torni consente di adattare con semplicit\u00e0 il macchinario a future, inaspettate esigenze. Utilizzando la vasta scelta di moduli disponibili per ogni tipo di lavorazione \u00e8 facile adattare il tornio a nuove esigenze. La progettazione di nuovi gruppi e meccanismi \u00e8 sempre pensata per la compatibilit\u00e0 anche con i modelli pi\u00f9 vecchi. In questo modo il vostro investimento mantiene il proprio valore nel tempo e garantisce flessibilit\u00e0 alla produzione.<\/p>\n<h1>\n\t\tAutomazione\n\t<\/h1>\n<h3>\n\t\tCaricamento automatico &#8211; la premessa per una lavorazione rapida!\n\t<\/h3>\n\t<p>La cadenza produttiva di una macchina automatica dipende in larga misura dalle prestazioni del sistema di carico e di scarico. Transco conosce bene questa problematica e la risolve in modo ottimale per ogni applicazione e per ogni Cliente con soluzioni personalizzate e specifiche al particolare da lavorare.<\/p>\n<p>Un tornio automatico Audrema<sup>\u00ae<\/sup> \u00e8 sempre idoneo al caricamento automatico e veloce di ogni tipo di pezzo da lavorare. Laddove possibile cerchiamo di impiegare componenti standard di utilizzo universale.<\/p>\n<p>La nostra esperienza in questo campo ci consente di risolvere anche situazioni in cui \u00e8 necessario orientare pezzi con geometria complessa e difficili da discriminare. Transco offre la soluzione completa per tutta la gestione dei vostri pezzi sfusi: dalla tramoggia, all&#8217;elevatore, dalle guide di caricamento fino al manipolatore.<\/p>\n<p>&nbsp;<\/p>\n<p>&nbsp;<\/p>\n\t\t\t\t<img loading=\"lazy\" decoding=\"async\" src=\"https:\/\/www.transco-gmbh.de\/wp-content\/uploads\/Bild-fuer-Automatisierung-e1659088697701.jpeg\" alt=\"Bild f\u00fcr Automatisierung\" itemprop=\"image\" height=\"656\" width=\"1075\" title=\"Bild f\u00fcr Automatisierung\" onerror=\"this.style.display='none'\"  \/>\n<h1>\n\t\tAvete altre domande sulle nostre macchine? <br \/> Nel giro di qualche giorno riceverete un preventivo gratuito e completo e risposte esaurienti.  Metteteci alla prova!\n\t<\/h1>\n\n","protected":false},"excerpt":{"rendered":"<p>I nostri torni automatici tm 10 Tornio automatico monomandrino azionato a camme Ulteriori informazioni tm 20 Tornio automatico bimandrino azionato a camme Ulteriori informazioni tc 10 Tornio automatico monomandrino a controllo numerico Ulteriori informazioni tc 20 Tornio automatico bimandrino a controllo numerico Ulteriori informazioni Un mondo di soluzioni Progettazione &#8211; il nostro know-how al vostro&hellip;<\/p>\n","protected":false},"author":3,"featured_media":0,"parent":0,"menu_order":0,"comment_status":"closed","ping_status":"closed","template":"","meta":{"footnotes":""},"class_list":["post-1196","page","type-page","status-publish","hentry"],"aioseo_notices":[],"_links":{"self":[{"href":"https:\/\/www.transco-gmbh.de\/it\/wp-json\/wp\/v2\/pages\/1196","targetHints":{"allow":["GET"]}}],"collection":[{"href":"https:\/\/www.transco-gmbh.de\/it\/wp-json\/wp\/v2\/pages"}],"about":[{"href":"https:\/\/www.transco-gmbh.de\/it\/wp-json\/wp\/v2\/types\/page"}],"author":[{"embeddable":true,"href":"https:\/\/www.transco-gmbh.de\/it\/wp-json\/wp\/v2\/users\/3"}],"replies":[{"embeddable":true,"href":"https:\/\/www.transco-gmbh.de\/it\/wp-json\/wp\/v2\/comments?post=1196"}],"version-history":[{"count":22,"href":"https:\/\/www.transco-gmbh.de\/it\/wp-json\/wp\/v2\/pages\/1196\/revisions"}],"predecessor-version":[{"id":5162,"href":"https:\/\/www.transco-gmbh.de\/it\/wp-json\/wp\/v2\/pages\/1196\/revisions\/5162"}],"wp:attachment":[{"href":"https:\/\/www.transco-gmbh.de\/it\/wp-json\/wp\/v2\/media?parent=1196"}],"curies":[{"name":"wp","href":"https:\/\/api.w.org\/{rel}","templated":true}]}}