{"id":1198,"date":"2018-03-06T13:12:37","date_gmt":"2018-03-06T12:12:37","guid":{"rendered":"https:\/\/www.transco-gmbh.de\/?page_id=1198"},"modified":"2022-07-28T10:51:43","modified_gmt":"2022-07-28T08:51:43","slug":"progettazione-e-produzione","status":"publish","type":"page","link":"https:\/\/www.transco-gmbh.de\/it\/progettazione-e-produzione.html","title":{"rendered":"IT-Entwicklung-Fertigung"},"content":{"rendered":"\n<h1>\n\t\tTutto sotto lo stesso tetto:\n\t<\/h1>\n<h1>\n\t\tSviluppo, produzione\n\t<\/h1>\n<h1>\n\t\tRicerca e sviluppo\n\t<\/h1>\n<h3>\n\t\tNiente \u00e8 pi\u00f9 sicuro del cambiamento\n\t<\/h3>\n\t<p>Questo proverbio vecchio di oltre 200 anni, ben descrive l&#8217;attivit\u00e0 dei nostri progettisti: l&#8217;adeguamento costante delle nostre soluzioni tecniche ad assecondare la continua ricerca di miglioramento e di progresso tecnico. Ogni nuovo ordine viene gestito in quest&#8217;ottica, senza accontentarci di rimanere fermi. In collaborazione con i Clienti cerchiamo sempre la soluzione migliore e pi\u00f9 efficace mantenendo un orizzonte di lungo periodo.<\/p>\n\t\t\t\t<img loading=\"lazy\" decoding=\"async\" src=\"https:\/\/www.transco-gmbh.de\/wp-content\/uploads\/Hermann-Koepf-Transco-Drehmaschinen-GmbH-DSC01269-e1658306501256.jpg\" alt=\"\u00a9Hermann-Koepf-Transco-Drehmaschinen-GmbH-DSC01269\" itemprop=\"image\" height=\"1920\" width=\"1281\" title=\"\u00a9Hermann-Koepf-Transco-Drehmaschinen-GmbH-DSC01269\" onerror=\"this.style.display='none'\"  \/>\n<h1>\n\t\tProduzione\n\t<\/h1>\n\t<p>I nostri impianti produttivi sono molto moderni ed produttivi perch\u00e9 siamo convinti che per poter servire al meglio la nostra Clientela siano necessari macchinari all&#8217;avanguardia e molto efficienti. La verticalizzazione spinta della nostra produzione ci consente di reagire prontamente alle richieste del mercato e trovare sempre una soluzione personalizzata. Con investimenti costanti manteniamo il nostro parco produttivo sempre al massimo dell&#8217;efficienza.<\/p>\n<p>In questo modo vogliamo essere autonomi e ridurre la dipendenza dai nostri fornitori.<\/p>\n<p>Quando ci affidiamo a partner esterni lo facciamo in seguito ad una meticolosa selezione e sulla scorta di rapporti di fornitura consolidati e di qualit\u00e0 irreprensibile.<\/p>\n\t\t\t\t<img loading=\"lazy\" decoding=\"async\" src=\"https:\/\/www.transco-gmbh.de\/wp-content\/uploads\/\u00a9Hermann-Koepf-Transco-Drehmaschinen-GmbH-DSC02382.jpg\" alt=\"\u00a9Hermann-Koepf-Transco-Drehmaschinen-GmbH-DSC02382\" itemprop=\"image\" height=\"1281\" width=\"1920\" title=\"\u00a9Hermann-Koepf-Transco-Drehmaschinen-GmbH-DSC02382\" onerror=\"this.style.display='none'\"  \/>\n\n","protected":false},"excerpt":{"rendered":"<p>Tutto sotto lo stesso tetto: Sviluppo, produzione Ricerca e sviluppo Niente \u00e8 pi\u00f9 sicuro del cambiamento Questo proverbio vecchio di oltre 200 anni, ben descrive l&#8217;attivit\u00e0 dei nostri progettisti: l&#8217;adeguamento costante delle nostre soluzioni tecniche ad assecondare la continua ricerca di miglioramento e di progresso tecnico. Ogni nuovo ordine viene gestito in quest&#8217;ottica, senza accontentarci&hellip;<\/p>\n","protected":false},"author":3,"featured_media":0,"parent":0,"menu_order":0,"comment_status":"closed","ping_status":"closed","template":"","meta":{"footnotes":""},"class_list":["post-1198","page","type-page","status-publish","hentry"],"aioseo_notices":[],"_links":{"self":[{"href":"https:\/\/www.transco-gmbh.de\/it\/wp-json\/wp\/v2\/pages\/1198","targetHints":{"allow":["GET"]}}],"collection":[{"href":"https:\/\/www.transco-gmbh.de\/it\/wp-json\/wp\/v2\/pages"}],"about":[{"href":"https:\/\/www.transco-gmbh.de\/it\/wp-json\/wp\/v2\/types\/page"}],"author":[{"embeddable":true,"href":"https:\/\/www.transco-gmbh.de\/it\/wp-json\/wp\/v2\/users\/3"}],"replies":[{"embeddable":true,"href":"https:\/\/www.transco-gmbh.de\/it\/wp-json\/wp\/v2\/comments?post=1198"}],"version-history":[{"count":17,"href":"https:\/\/www.transco-gmbh.de\/it\/wp-json\/wp\/v2\/pages\/1198\/revisions"}],"predecessor-version":[{"id":5135,"href":"https:\/\/www.transco-gmbh.de\/it\/wp-json\/wp\/v2\/pages\/1198\/revisions\/5135"}],"wp:attachment":[{"href":"https:\/\/www.transco-gmbh.de\/it\/wp-json\/wp\/v2\/media?parent=1198"}],"curies":[{"name":"wp","href":"https:\/\/api.w.org\/{rel}","templated":true}]}}